{"id":1034,"date":"2016-12-02T17:23:18","date_gmt":"2016-12-02T16:23:18","guid":{"rendered":"https:\/\/www.casadeanco.it\/cookies\/"},"modified":"2017-05-11T10:58:53","modified_gmt":"2017-05-11T08:58:53","slug":"cookies-policy","status":"publish","type":"page","link":"https:\/\/www.casadeanco.it\/en\/cookies-policy\/","title":{"rendered":"COOKIES POLICY"},"content":{"rendered":"<div  id=\"section-vh96i\" class=\"fullwidth-content ui--section clearfix section-vh96i\"><div  class=\"ui--section-content\" style=\"padding-bottom: 50px;\"><div class=\"container\"><div  class=\"ui--space clearfix\" data-responsive=\"{&quot;css&quot;:{&quot;height&quot;:{&quot;phone&quot;:&quot;80px&quot;,&quot;tablet&quot;:&quot;80px&quot;,&quot;widescreen&quot;:null}}}\"><\/div><\/div><\/div><\/div><!-- \/.fullwidth-container --><div  id=\"section-vh96i\" class=\"fullwidth-content ui--section clearfix section-vh96i\"><div  id=\"privacy\" class=\"ui--section-content\"><div class=\"container\"><h1 id=\"custom-title-h1-1\" class=\"ui--animation \" style=\"\">COOKIES POLICY<\/h1><div class=\"auto-format ui--animation\"><div class=\"privacy\" style=\"color:#fff;\"><strong>Cookies<\/strong><br \/>\nThis site uses cookies to provide a better experience and service for users. Cookies are small pieces of text that allow us to monitor and analyze new and past site users and to understand how users navigate our website. We use data to allow the website to remember information about your visit, in order to make your next visit easier. Cookies do not register any user personal data and any identifiable data will not be stored. If you wish to disable the use of cookies you can select the appropriate option in your browser by deleting all cookies or by activating a pop up alert message. In order to proceed without blocking cookies just continue navigating. Please visit <a href=\"https:\/\/www.aboutcookies.org\">AboutCookies.org<\/a> for more info on cookies and how they influence your navigating experience.<\/p>\n<p><span style=\"color:#fff;\"\">Here\u2019s a list of cookies we use in this website:<\/span><\/p>\n<p><span style=\"color:#fff;\"\"><strong>Essential cookies<\/strong><br \/>\nThese cookies are essential in order to navigate the website to the extent of its capabilities, for instance to access all the protected areas of the website. Some website services, such as filling out a form for a competition, would not be accessible without these cookies.<\/span><\/p>\n<p><span style=\"color:#fff;\"\"><strong>Performance cookie<\/strong><br \/>\nThese cookies gather information on how users use the website, for instance which pages are the most visited, or if web pages display error messages. These cookies do not gather info that might in any way identify a user. All info gathered via cookies are aggregated, therefore anonymous. They are used exclusively to improve the use of the website.<br \/>\nBy browsing our website, the user accepts these cookies are installed in his browser.<br \/>\n<\/span><\/p>\n<p><span style=\"color:#fff;\"\"><strong>Functionality cookies<\/strong><br \/>\nThese cookies allow the website to store the information that the user chose to input (such as name, language or region) and provide customized advanced functionalities. These cookies can be used to remember the changes made to font size and to other web pages that can be customized. They can also be used to supply user requested services such as loading a video or commenting on a blog. The information gathered by these cookies can be made anonymous and unable to monitor your activity on other websites.<br \/>\nBy using our website, the user agrees that such cookies might be installed on the user\u2019s device.<br \/>\n<\/span><\/p>\n<p><span style=\"color:#fff;\"\"><strong>Come gestire i cookie sul tuo computer<\/strong><br \/>\nConsulta la sezione Help del tuo browser per capire come gestire i cookie sul tuo computer.<\/span><\/p>\n<p><span style=\"color:#fff;\"\"><strong>How to manage cookies on your computer<\/strong><br \/>\nPlease check the Help section in your browser to learn more on how to manage cookies on your computer.<br \/>\n<\/span><\/p>\n<p><span style=\"color:#fff;\"\"><strong>Google Analyticsr<\/strong><br \/>\nThis website uses Google Analytics, a web analytics service provided by Google, Inc. (&#8220;Google&#8221;). Google Analytics uses cookies, which are text files placed on your computer, to help the website analyze how users use the site. The information generated by the cookie about your use of the website (including your IP address) will be transmitted to and stored by Google on servers in the United States. Google will use this information for the purpose of evaluating your use of the website, compiling reports on website activity for website operators and providing other services relating to website activity and internet usage. Google may also transfer this information to third parties where required to do so by law, or where such third parties process the information on Google&#8217;s behalf. Google will not associate your IP address with any other data held by Google. You may refuse the use of cookies by selecting the appropriate settings on your browser, however please note that if you do this you may not be able to use the full functionality of this website. By using this website, you consent to the processing of data about you by Google in the manner and for the purposes set out above. You may refuse the collection of data generated by the cookie and related to your use of the website (including your IP address) as well as the processing of the data by Google by downloading and installing the browser plugin available by clicking on the link below <a href=\"https:\/\/tools.google.com\/dlpage\/gaoptout?hl=en\">http:\/\/tools.google.com\/dlpage\/gaoptout?hl=en<\/a> Concerning services supplied by third parties you may exercise your right to oppose to the tracking of your activities by reading up in third parties policy via the opt-out link &#8211; if supplied &#8211; or by contacting it directly. Alternatively you can visit Your Online Choices, get more info and decide how to manage your tracking preferences for most of the advertising instruments. We suggest you to do so, in order to complete the information you have received so far in this document.<br \/>\n<\/span><\/p>\n<p><span style=\"color:#fff;\"\"><strong>Legal references<\/strong><br \/>\nNotice to European users: this privacy policy has been drawn up in fulfillment of the regulatory obligations on Art. 10 of Directive n. 95\/46\/EC, as well as for what is provided by Directive 2002\/58\/EC, as updated by Directive 2009\/136\/EC, concerning Cookies.<\/span>\n<\/div>\n<\/div><\/div><\/div><\/div><!-- \/.fullwidth-container -->","protected":false},"excerpt":{"rendered":"<p>COOKIES POLICYCookies This site uses cookies to provide a better experience and service for users. Cookies are small pieces of text that allow us to monitor and analyze new and past site users and to understand how users navigate our website. We use data to allow the website to remember information about your visit, in [&hellip;]<\/p>\n","protected":false},"author":1,"featured_media":0,"parent":0,"menu_order":0,"comment_status":"closed","ping_status":"closed","template":"","meta":{"footnotes":""},"class_list":["post-1034","page","type-page","status-publish","hentry"],"yoast_head":"<!-- This site is optimized with the Yoast SEO plugin v26.2 - https:\/\/yoast.com\/wordpress\/plugins\/seo\/ -->\n<title>Cookies | Casa Deanc\u00f2 | Appartamenti turistici a Rivoli Veronese<\/title>\n<meta name=\"description\" content=\"Casa Deanc\u00f2: due appartamenti turistici in affitto a Rivoli Veronese. A met\u00e0 strada tra Verona, il lago di Garda e il monte Baldo.\" \/>\n<meta name=\"robots\" content=\"index, follow, max-snippet:-1, max-image-preview:large, max-video-preview:-1\" \/>\n<link rel=\"canonical\" href=\"https:\/\/www.casadeanco.it\/en\/cookies-policy\/\" \/>\n<meta property=\"og:locale\" content=\"en_US\" \/>\n<meta property=\"og:type\" content=\"article\" \/>\n<meta property=\"og:title\" content=\"Cookies | Casa Deanc\u00f2 | Appartamenti turistici a Rivoli Veronese\" \/>\n<meta property=\"og:description\" content=\"Casa Deanc\u00f2: due appartamenti turistici in affitto a Rivoli Veronese. A met\u00e0 strada tra Verona, il lago di Garda e il monte Baldo.\" \/>\n<meta property=\"og:url\" content=\"https:\/\/www.casadeanco.it\/en\/cookies-policy\/\" \/>\n<meta property=\"og:site_name\" content=\"Casa Deanc\u00f2\" \/>\n<meta property=\"article:modified_time\" content=\"2017-05-11T08:58:53+00:00\" \/>\n<meta name=\"twitter:card\" content=\"summary_large_image\" \/>\n<script type=\"application\/ld+json\" class=\"yoast-schema-graph\">{\"@context\":\"https:\/\/schema.org\",\"@graph\":[{\"@type\":\"WebPage\",\"@id\":\"https:\/\/www.casadeanco.it\/en\/cookies-policy\/\",\"url\":\"https:\/\/www.casadeanco.it\/en\/cookies-policy\/\",\"name\":\"Cookies | Casa Deanc\u00f2 | Appartamenti turistici a Rivoli Veronese\",\"isPartOf\":{\"@id\":\"https:\/\/www.casadeanco.it\/#website\"},\"datePublished\":\"2016-12-02T16:23:18+00:00\",\"dateModified\":\"2017-05-11T08:58:53+00:00\",\"description\":\"Casa Deanc\u00f2: due appartamenti turistici in affitto a Rivoli Veronese. A met\u00e0 strada tra Verona, il lago di Garda e il monte Baldo.\",\"breadcrumb\":{\"@id\":\"https:\/\/www.casadeanco.it\/en\/cookies-policy\/#breadcrumb\"},\"inLanguage\":\"en-US\",\"potentialAction\":[{\"@type\":\"ReadAction\",\"target\":[\"https:\/\/www.casadeanco.it\/en\/cookies-policy\/\"]}]},{\"@type\":\"BreadcrumbList\",\"@id\":\"https:\/\/www.casadeanco.it\/en\/cookies-policy\/#breadcrumb\",\"itemListElement\":[{\"@type\":\"ListItem\",\"position\":1,\"name\":\"Home\",\"item\":\"https:\/\/www.casadeanco.it\/en\/\"},{\"@type\":\"ListItem\",\"position\":2,\"name\":\"COOKIES POLICY\"}]},{\"@type\":\"WebSite\",\"@id\":\"https:\/\/www.casadeanco.it\/#website\",\"url\":\"https:\/\/www.casadeanco.it\/\",\"name\":\"Casa Deanc\u00f2\",\"description\":\"Appartamenti turistici a Rivoli Veronese\",\"potentialAction\":[{\"@type\":\"SearchAction\",\"target\":{\"@type\":\"EntryPoint\",\"urlTemplate\":\"https:\/\/www.casadeanco.it\/?s={search_term_string}\"},\"query-input\":{\"@type\":\"PropertyValueSpecification\",\"valueRequired\":true,\"valueName\":\"search_term_string\"}}],\"inLanguage\":\"en-US\"}]}<\/script>\n<!-- \/ Yoast SEO plugin. -->","yoast_head_json":{"title":"Cookies | Casa Deanc\u00f2 | Appartamenti turistici a Rivoli Veronese","description":"Casa Deanc\u00f2: due appartamenti turistici in affitto a Rivoli Veronese. A met\u00e0 strada tra Verona, il lago di Garda e il monte Baldo.","robots":{"index":"index","follow":"follow","max-snippet":"max-snippet:-1","max-image-preview":"max-image-preview:large","max-video-preview":"max-video-preview:-1"},"canonical":"https:\/\/www.casadeanco.it\/en\/cookies-policy\/","og_locale":"en_US","og_type":"article","og_title":"Cookies | Casa Deanc\u00f2 | Appartamenti turistici a Rivoli Veronese","og_description":"Casa Deanc\u00f2: due appartamenti turistici in affitto a Rivoli Veronese. A met\u00e0 strada tra Verona, il lago di Garda e il monte Baldo.","og_url":"https:\/\/www.casadeanco.it\/en\/cookies-policy\/","og_site_name":"Casa Deanc\u00f2","article_modified_time":"2017-05-11T08:58:53+00:00","twitter_card":"summary_large_image","schema":{"@context":"https:\/\/schema.org","@graph":[{"@type":"WebPage","@id":"https:\/\/www.casadeanco.it\/en\/cookies-policy\/","url":"https:\/\/www.casadeanco.it\/en\/cookies-policy\/","name":"Cookies | Casa Deanc\u00f2 | Appartamenti turistici a Rivoli Veronese","isPartOf":{"@id":"https:\/\/www.casadeanco.it\/#website"},"datePublished":"2016-12-02T16:23:18+00:00","dateModified":"2017-05-11T08:58:53+00:00","description":"Casa Deanc\u00f2: due appartamenti turistici in affitto a Rivoli Veronese. A met\u00e0 strada tra Verona, il lago di Garda e il monte Baldo.","breadcrumb":{"@id":"https:\/\/www.casadeanco.it\/en\/cookies-policy\/#breadcrumb"},"inLanguage":"en-US","potentialAction":[{"@type":"ReadAction","target":["https:\/\/www.casadeanco.it\/en\/cookies-policy\/"]}]},{"@type":"BreadcrumbList","@id":"https:\/\/www.casadeanco.it\/en\/cookies-policy\/#breadcrumb","itemListElement":[{"@type":"ListItem","position":1,"name":"Home","item":"https:\/\/www.casadeanco.it\/en\/"},{"@type":"ListItem","position":2,"name":"COOKIES POLICY"}]},{"@type":"WebSite","@id":"https:\/\/www.casadeanco.it\/#website","url":"https:\/\/www.casadeanco.it\/","name":"Casa Deanc\u00f2","description":"Appartamenti turistici a Rivoli Veronese","potentialAction":[{"@type":"SearchAction","target":{"@type":"EntryPoint","urlTemplate":"https:\/\/www.casadeanco.it\/?s={search_term_string}"},"query-input":{"@type":"PropertyValueSpecification","valueRequired":true,"valueName":"search_term_string"}}],"inLanguage":"en-US"}]}},"_links":{"self":[{"href":"https:\/\/www.casadeanco.it\/en\/wp-json\/wp\/v2\/pages\/1034","targetHints":{"allow":["GET"]}}],"collection":[{"href":"https:\/\/www.casadeanco.it\/en\/wp-json\/wp\/v2\/pages"}],"about":[{"href":"https:\/\/www.casadeanco.it\/en\/wp-json\/wp\/v2\/types\/page"}],"author":[{"embeddable":true,"href":"https:\/\/www.casadeanco.it\/en\/wp-json\/wp\/v2\/users\/1"}],"replies":[{"embeddable":true,"href":"https:\/\/www.casadeanco.it\/en\/wp-json\/wp\/v2\/comments?post=1034"}],"version-history":[{"count":2,"href":"https:\/\/www.casadeanco.it\/en\/wp-json\/wp\/v2\/pages\/1034\/revisions"}],"predecessor-version":[{"id":1036,"href":"https:\/\/www.casadeanco.it\/en\/wp-json\/wp\/v2\/pages\/1034\/revisions\/1036"}],"wp:attachment":[{"href":"https:\/\/www.casadeanco.it\/en\/wp-json\/wp\/v2\/media?parent=1034"}],"curies":[{"name":"wp","href":"https:\/\/api.w.org\/{rel}","templated":true}]}}