{"id":1037,"date":"2016-11-04T11:31:23","date_gmt":"2016-11-04T10:31:23","guid":{"rendered":"https:\/\/www.casadeanco.it\/qui-vicino\/"},"modified":"2017-05-11T15:31:18","modified_gmt":"2017-05-11T13:31:18","slug":"close-by","status":"publish","type":"page","link":"https:\/\/www.casadeanco.it\/en\/close-by\/","title":{"rendered":"CLOSE BY"},"content":{"rendered":"<div  id=\"section-vh96i\" class=\"fullwidth-content ui--section clearfix top-appartment section-vh96i\"><div  class=\"ui--section-content\"><div class=\"container\"><div  class=\"ui--animation-in make--fx--appear ui--pass clearfix\" data-fx=\"fx--appear\" data-delay=\"150\" data-start-delay=\"0\"><div  class=\"ui--space clearfix\" style=\"height: 150px;\" data-responsive=\"{&quot;css&quot;:{&quot;height&quot;:{&quot;phone&quot;:&quot;100px&quot;,&quot;tablet&quot;:&quot;100px&quot;,&quot;widescreen&quot;:&quot;150px&quot;}}}\"><\/div><h1 id=\"custom-title-h1-1\" class=\"ui--animation \" style=\"text-align: center; \">CLOSE BY<\/h1><\/div><div  class=\"ui--animation-in make--fx--fadein-btt ui--pass clearfix\" data-fx=\"fx--fadein-btt\" data-delay=\"150\" data-start-delay=\"500\"><div class=\"auto-format ui--animation\"><div class=\"text-mobile-app\" style=\"color:#fff; line-height:25px; text-align:center;\">Casa Deanco\u0300 is a great starting point to explore the surrounding area. Verona and the main other Northern Italy cities are only a few km away, just like the Val D&#8217;Adige forts, the Mount Baldo paths, the beaches and parks of Garda lake and the Valpolicella wine trails.<br \/>\n<br \/>\nHere are 4 itinerary samples; Use them as travel suggestions. As travelers ourselves, we don&#8217;t want to spoil the fun and excitement of discovering new places close to Casa Deanco\u0300.\n<\/div>\n<\/div><div  class=\"ui--space clearfix\" style=\"height: 80px;\" data-responsive=\"{&quot;css&quot;:{&quot;height&quot;:{&quot;phone&quot;:&quot;50px&quot;,&quot;tablet&quot;:&quot;60px&quot;,&quot;widescreen&quot;:&quot;80px&quot;}}}\"><\/div><\/div><\/div><\/div><\/div><!-- \/.fullwidth-container --><div  class=\"fullwidth-content ui--section clearfix qui\" style=\"margin-top: -30px;  margin-bottom: -12px;\"><div  id=\"portfolio\" class=\"ui--section-content\"><div class=\"container\"><div  class=\"ui--animation-in make--fx--appear ui--pass clearfix\" data-fx=\"fx--appear\" data-delay=\"400\" data-start-delay=\"0\"><div class=\"portfolio-container-wrapper ui--pass\" data-layout=\"normal\" data-columns=\"4\"><div id=\"portfolio-lf2b3\" class=\"portfolio-container layout--normal clearfix\"><div class=\"ui-row row\">\n <div   class=\"ui-column span3\"><div  class=\"ui--content-box ui--box ui--content-item ui--animation ui-row\"><div class=\"ui--content-box-header\"><div class=\"ui--content-box-media effect--fade type--default clearfix\" style=\"padding-bottom: 100%;\"><a class=\"ui--content-box-link\" href=\"https:\/\/www.casadeanco.it\/en\/portfolio\/the-lake\/\"><div class=\"ui--content-box-image-default\"><img decoding=\"async\"  class=\"ui--content-box-image\" src=\"https:\/\/www.casadeanco.it\/wp-content\/uploads\/2016\/11\/Gardaoutdoors-1-.-In-lavorazione.jpg-1024x576-570x570.jpg\" alt=\"\" title=\"\"\/><\/div><div class=\"ui--content-box-overlay\"><div class=\"ui--content-box-overlay-background\"><\/div><div class=\"center\"><span class=\"btn btn-yellow ui--center-vertical\"><span class=\"ui--content-box-overlay-button-text\">THE LAKE<\/span><\/span><\/div><\/div><\/a><\/div><a class=\"ui--content-box-link\" href=\"https:\/\/www.casadeanco.it\/en\/portfolio\/the-lake\/\"><div class=\"ui--content-box-title ui--gradient ui--gradient-grey on--hover clearfix text-center\"><h5 class=\"ui--content-box-title-text\">THE LAKE<\/h5><\/div><\/a><\/div><\/div><\/div> \n\n <div   class=\"ui-column span3\"><div  class=\"ui--content-box ui--box ui--content-item ui--animation ui-row\"><div class=\"ui--content-box-header\"><div class=\"ui--content-box-media effect--fade type--default clearfix\" style=\"padding-bottom: 100%;\"><a class=\"ui--content-box-link\" href=\"https:\/\/www.casadeanco.it\/en\/portfolio\/the-mountains\/\"><div class=\"ui--content-box-image-default\"><img decoding=\"async\"  class=\"ui--content-box-image\" src=\"https:\/\/www.casadeanco.it\/wp-content\/uploads\/2016\/11\/lessinia-570x570.jpg\" alt=\"\" title=\"\"\/><\/div><div class=\"ui--content-box-overlay\"><div class=\"ui--content-box-overlay-background\"><\/div><div class=\"center\"><span class=\"btn btn-yellow ui--center-vertical\"><span class=\"ui--content-box-overlay-button-text\"> THE MOUNTAINS<\/span><\/span><\/div><\/div><\/a><\/div><a class=\"ui--content-box-link\" href=\"https:\/\/www.casadeanco.it\/en\/portfolio\/the-mountains\/\"><div class=\"ui--content-box-title ui--gradient ui--gradient-grey on--hover clearfix text-center\"><h5 class=\"ui--content-box-title-text\">THE MOUNTAINS<\/h5><\/div><\/a><\/div><\/div><\/div> \n\n <div   class=\"ui-column span3\"><div  class=\"ui--content-box ui--box ui--content-item ui--animation ui-row\"><div class=\"ui--content-box-header\"><div class=\"ui--content-box-media effect--fade type--default clearfix\" style=\"padding-bottom: 100%;\"><a class=\"ui--content-box-link\" href=\"https:\/\/www.casadeanco.it\/en\/portfolio\/the-valleys\/\"><div class=\"ui--content-box-image-default\"><img decoding=\"async\"  class=\"ui--content-box-image\" src=\"https:\/\/www.casadeanco.it\/wp-content\/uploads\/2016\/11\/valpo-1024x768-570x570.jpg\" alt=\"\" title=\"\"\/><\/div><div class=\"ui--content-box-overlay\"><div class=\"ui--content-box-overlay-background\"><\/div><div class=\"center\"><span class=\"btn btn-yellow ui--center-vertical\"><span class=\"ui--content-box-overlay-button-text\">THE VALLEYS<\/span><\/span><\/div><\/div><\/a><\/div><a class=\"ui--content-box-link\" href=\"https:\/\/www.casadeanco.it\/en\/portfolio\/the-valleys\/\"><div class=\"ui--content-box-title ui--gradient ui--gradient-grey on--hover clearfix text-center\"><h5 class=\"ui--content-box-title-text\">THE VALLEYS<\/h5><\/div><\/a><\/div><\/div><\/div> \n\n <div   class=\"ui-column span3\"><div  class=\"ui--content-box ui--box ui--content-item ui--animation ui-row\"><div class=\"ui--content-box-header\"><div class=\"ui--content-box-media effect--fade type--default clearfix\" style=\"padding-bottom: 100%;\"><a class=\"ui--content-box-link\" href=\"https:\/\/www.casadeanco.it\/en\/portfolio\/the-town\/\"><div class=\"ui--content-box-image-default\"><img decoding=\"async\"  class=\"ui--content-box-image\" src=\"https:\/\/www.casadeanco.it\/wp-content\/uploads\/2016\/11\/Verona-Capa-blog-1024x683-570x570.jpg\" alt=\"\" title=\"\"\/><\/div><div class=\"ui--content-box-overlay\"><div class=\"ui--content-box-overlay-background\"><\/div><div class=\"center\"><span class=\"btn btn-yellow ui--center-vertical\"><span class=\"ui--content-box-overlay-button-text\">THE TOWN<\/span><\/span><\/div><\/div><\/a><\/div><a class=\"ui--content-box-link\" href=\"https:\/\/www.casadeanco.it\/en\/portfolio\/the-town\/\"><div class=\"ui--content-box-title ui--gradient ui--gradient-grey on--hover clearfix text-center\"><h5 class=\"ui--content-box-title-text\">THE TOWN<\/h5><\/div><\/a><\/div><\/div><\/div> \n\n<\/div> \n<\/div><\/div><\/div><\/div><\/div><\/div><!-- \/.fullwidth-container -->","protected":false},"excerpt":{"rendered":"<p>CLOSE BYCasa Deanco\u0300 is a great starting point to explore the surrounding area. Verona and the main other Northern Italy cities are only a few km away, just like the Val D&#8217;Adige forts, the Mount Baldo paths, the beaches and parks of Garda lake and the Valpolicella wine trails. Here are 4 itinerary samples; Use [&hellip;]<\/p>\n","protected":false},"author":1,"featured_media":0,"parent":0,"menu_order":0,"comment_status":"closed","ping_status":"closed","template":"","meta":{"footnotes":""},"class_list":["post-1037","page","type-page","status-publish","hentry"],"yoast_head":"<!-- This site is optimized with the Yoast SEO plugin v26.2 - https:\/\/yoast.com\/wordpress\/plugins\/seo\/ -->\n<title>Dintorni | Casa Deanc\u00f2 | Appartamenti turistici a Rivoli Veronese<\/title>\n<meta name=\"description\" content=\"Casa Deanc\u00f2: due appartamenti turistici in affitto a Rivoli Veronese. A met\u00e0 strada tra Verona, il lago di Garda e il monte Baldo.\" \/>\n<meta name=\"robots\" content=\"index, follow, max-snippet:-1, max-image-preview:large, max-video-preview:-1\" \/>\n<link rel=\"canonical\" href=\"https:\/\/www.casadeanco.it\/en\/close-by\/\" \/>\n<meta property=\"og:locale\" content=\"en_US\" \/>\n<meta property=\"og:type\" content=\"article\" \/>\n<meta property=\"og:title\" content=\"Dintorni | Casa Deanc\u00f2 | Appartamenti turistici a Rivoli Veronese\" \/>\n<meta property=\"og:description\" content=\"Casa Deanc\u00f2: due appartamenti turistici in affitto a Rivoli Veronese. A met\u00e0 strada tra Verona, il lago di Garda e il monte Baldo.\" \/>\n<meta property=\"og:url\" content=\"https:\/\/www.casadeanco.it\/en\/close-by\/\" \/>\n<meta property=\"og:site_name\" content=\"Casa Deanc\u00f2\" \/>\n<meta property=\"article:modified_time\" content=\"2017-05-11T13:31:18+00:00\" \/>\n<meta name=\"twitter:card\" content=\"summary_large_image\" \/>\n<script type=\"application\/ld+json\" class=\"yoast-schema-graph\">{\"@context\":\"https:\/\/schema.org\",\"@graph\":[{\"@type\":\"WebPage\",\"@id\":\"https:\/\/www.casadeanco.it\/en\/close-by\/\",\"url\":\"https:\/\/www.casadeanco.it\/en\/close-by\/\",\"name\":\"Dintorni | Casa Deanc\u00f2 | Appartamenti turistici a Rivoli Veronese\",\"isPartOf\":{\"@id\":\"https:\/\/www.casadeanco.it\/#website\"},\"datePublished\":\"2016-11-04T10:31:23+00:00\",\"dateModified\":\"2017-05-11T13:31:18+00:00\",\"description\":\"Casa Deanc\u00f2: due appartamenti turistici in affitto a Rivoli Veronese. A met\u00e0 strada tra Verona, il lago di Garda e il monte Baldo.\",\"breadcrumb\":{\"@id\":\"https:\/\/www.casadeanco.it\/en\/close-by\/#breadcrumb\"},\"inLanguage\":\"en-US\",\"potentialAction\":[{\"@type\":\"ReadAction\",\"target\":[\"https:\/\/www.casadeanco.it\/en\/close-by\/\"]}]},{\"@type\":\"BreadcrumbList\",\"@id\":\"https:\/\/www.casadeanco.it\/en\/close-by\/#breadcrumb\",\"itemListElement\":[{\"@type\":\"ListItem\",\"position\":1,\"name\":\"Home\",\"item\":\"https:\/\/www.casadeanco.it\/en\/\"},{\"@type\":\"ListItem\",\"position\":2,\"name\":\"CLOSE BY\"}]},{\"@type\":\"WebSite\",\"@id\":\"https:\/\/www.casadeanco.it\/#website\",\"url\":\"https:\/\/www.casadeanco.it\/\",\"name\":\"Casa Deanc\u00f2\",\"description\":\"Appartamenti turistici a Rivoli Veronese\",\"potentialAction\":[{\"@type\":\"SearchAction\",\"target\":{\"@type\":\"EntryPoint\",\"urlTemplate\":\"https:\/\/www.casadeanco.it\/?s={search_term_string}\"},\"query-input\":{\"@type\":\"PropertyValueSpecification\",\"valueRequired\":true,\"valueName\":\"search_term_string\"}}],\"inLanguage\":\"en-US\"}]}<\/script>\n<!-- \/ Yoast SEO plugin. -->","yoast_head_json":{"title":"Dintorni | Casa Deanc\u00f2 | Appartamenti turistici a Rivoli Veronese","description":"Casa Deanc\u00f2: due appartamenti turistici in affitto a Rivoli Veronese. A met\u00e0 strada tra Verona, il lago di Garda e il monte Baldo.","robots":{"index":"index","follow":"follow","max-snippet":"max-snippet:-1","max-image-preview":"max-image-preview:large","max-video-preview":"max-video-preview:-1"},"canonical":"https:\/\/www.casadeanco.it\/en\/close-by\/","og_locale":"en_US","og_type":"article","og_title":"Dintorni | Casa Deanc\u00f2 | Appartamenti turistici a Rivoli Veronese","og_description":"Casa Deanc\u00f2: due appartamenti turistici in affitto a Rivoli Veronese. A met\u00e0 strada tra Verona, il lago di Garda e il monte Baldo.","og_url":"https:\/\/www.casadeanco.it\/en\/close-by\/","og_site_name":"Casa Deanc\u00f2","article_modified_time":"2017-05-11T13:31:18+00:00","twitter_card":"summary_large_image","schema":{"@context":"https:\/\/schema.org","@graph":[{"@type":"WebPage","@id":"https:\/\/www.casadeanco.it\/en\/close-by\/","url":"https:\/\/www.casadeanco.it\/en\/close-by\/","name":"Dintorni | Casa Deanc\u00f2 | Appartamenti turistici a Rivoli Veronese","isPartOf":{"@id":"https:\/\/www.casadeanco.it\/#website"},"datePublished":"2016-11-04T10:31:23+00:00","dateModified":"2017-05-11T13:31:18+00:00","description":"Casa Deanc\u00f2: due appartamenti turistici in affitto a Rivoli Veronese. A met\u00e0 strada tra Verona, il lago di Garda e il monte Baldo.","breadcrumb":{"@id":"https:\/\/www.casadeanco.it\/en\/close-by\/#breadcrumb"},"inLanguage":"en-US","potentialAction":[{"@type":"ReadAction","target":["https:\/\/www.casadeanco.it\/en\/close-by\/"]}]},{"@type":"BreadcrumbList","@id":"https:\/\/www.casadeanco.it\/en\/close-by\/#breadcrumb","itemListElement":[{"@type":"ListItem","position":1,"name":"Home","item":"https:\/\/www.casadeanco.it\/en\/"},{"@type":"ListItem","position":2,"name":"CLOSE BY"}]},{"@type":"WebSite","@id":"https:\/\/www.casadeanco.it\/#website","url":"https:\/\/www.casadeanco.it\/","name":"Casa Deanc\u00f2","description":"Appartamenti turistici a Rivoli Veronese","potentialAction":[{"@type":"SearchAction","target":{"@type":"EntryPoint","urlTemplate":"https:\/\/www.casadeanco.it\/?s={search_term_string}"},"query-input":{"@type":"PropertyValueSpecification","valueRequired":true,"valueName":"search_term_string"}}],"inLanguage":"en-US"}]}},"_links":{"self":[{"href":"https:\/\/www.casadeanco.it\/en\/wp-json\/wp\/v2\/pages\/1037","targetHints":{"allow":["GET"]}}],"collection":[{"href":"https:\/\/www.casadeanco.it\/en\/wp-json\/wp\/v2\/pages"}],"about":[{"href":"https:\/\/www.casadeanco.it\/en\/wp-json\/wp\/v2\/types\/page"}],"author":[{"embeddable":true,"href":"https:\/\/www.casadeanco.it\/en\/wp-json\/wp\/v2\/users\/1"}],"replies":[{"embeddable":true,"href":"https:\/\/www.casadeanco.it\/en\/wp-json\/wp\/v2\/comments?post=1037"}],"version-history":[{"count":7,"href":"https:\/\/www.casadeanco.it\/en\/wp-json\/wp\/v2\/pages\/1037\/revisions"}],"predecessor-version":[{"id":1056,"href":"https:\/\/www.casadeanco.it\/en\/wp-json\/wp\/v2\/pages\/1037\/revisions\/1056"}],"wp:attachment":[{"href":"https:\/\/www.casadeanco.it\/en\/wp-json\/wp\/v2\/media?parent=1037"}],"curies":[{"name":"wp","href":"https:\/\/api.w.org\/{rel}","templated":true}]}}