{"id":1070,"date":"2016-11-11T12:06:37","date_gmt":"2016-11-11T11:06:37","guid":{"rendered":"https:\/\/www.casadeanco.it\/casa-deanco\/"},"modified":"2017-05-11T16:49:14","modified_gmt":"2017-05-11T14:49:14","slug":"casa-deanco","status":"publish","type":"page","link":"https:\/\/www.casadeanco.it\/en\/casa-deanco\/","title":{"rendered":"CASA DEANC\u00d2"},"content":{"rendered":"<div  id=\"section-vh96i\" class=\"fullwidth-content ui--section clearfix hidden-phone  section-vh96i\"><div  class=\"ui--section-content\"><div class=\"container\"><div  class=\"ui--animation-in make--fx--fadein-btt ui--pass clearfix\" data-fx=\"fx--fadein-btt\" data-delay=\"150\" data-start-delay=\"0\"><h1 id=\"custom-title-h1-1\" class=\"ui--animation \" style=\"text-align: center; \">YESTERDAY'S HOME.<\/h1><\/div><div  class=\"ui--animation-in make--fx--appear ui--pass clearfix\" data-fx=\"fx--appear\" data-delay=\"150\" data-start-delay=\"0\"><div class=\"auto-format ui--animation\"><div class=\"txt-home\" style=\"color:#fff; line-height:25px; text-align:center; padding:0 150px;\">\nCasa Deanco\u0300 is located at the center of the Antica Corte Bisanelli, a landmark in Rivoli Veronese&#8217;s past. It used to be a country house, something quite common in the Verona province. It has been paying homage to the life and work of the farmers that have inhabited it since the 18th century.<\/div>\n<\/div><div  class=\"ui--space clearfix\" style=\"height: 80px;\" data-responsive=\"{&quot;css&quot;:{&quot;height&quot;:{&quot;phone&quot;:&quot;0px&quot;,&quot;tablet&quot;:null,&quot;widescreen&quot;:&quot;80px&quot;}}}\"><\/div><\/div><\/div><\/div><\/div><!-- \/.fullwidth-container --><div  id=\"section-vh96i\" class=\"fullwidth-content ui--section clearfix visible-phone  section-vh96i\"><div  class=\"ui--section-content\"><div class=\"container\"><div  class=\"ui--animation-in make--fx--fadein-btt ui--pass clearfix\" data-fx=\"fx--fadein-btt\" data-delay=\"150\" data-start-delay=\"0\"><h1 id=\"custom-title-h1-2\" class=\"ui--animation \" style=\"text-align: center; \">TODAY'S HOME.<\/h1><\/div><div  class=\"ui--animation-in make--fx--appear ui--pass clearfix\" data-fx=\"fx--appear\" data-delay=\"150\" data-start-delay=\"0\"><div class=\"auto-format ui--animation\"><div style=\"color:#fff; line-height:25px; text-align:center; padding:0 20px;\">Today, Casa Deanco\u0300 features two apartments restored with the greatest care and patience, all attuned to the principles of bioconstructions. The house has been designed to maintain its past alive. The restoration work has been carried out with materials found in the nearby area: stone, wood, lime and terracotta.<\/div>\n<\/div><div  class=\"ui--space clearfix\" style=\"height: 80px;\" data-responsive=\"{&quot;css&quot;:{&quot;height&quot;:{&quot;phone&quot;:&quot;40px&quot;,&quot;tablet&quot;:null,&quot;widescreen&quot;:&quot;80px&quot;}}}\"><\/div><\/div><\/div><\/div><\/div><!-- \/.fullwidth-container --><div  class=\"fullwidth-content ui--section clearfix hidden-phone  casadeanco-fullwidth\"><div  class=\"ui--section-content\"><div class=\"container\"><div  class=\"ui--animation-in make--fx--fadein-rtl ui--pass clearfix\" data-fx=\"fx--fadein-rtl\" data-delay=\"400\" data-start-delay=\"550\"><div class=\"ui-row row\">\n <div   class=\"ui-column span6\"><div class=\"ui--image-wrap clearfix\"><img decoding=\"async\"  id=\"ui--image-1\" class=\"ui--image ui--animation\" src=\"https:\/\/www.casadeanco.it\/wp-content\/uploads\/2016\/11\/casa-deanco\u0300-5d_113-1.jpg\" alt=\"\" title=\"casa-deanco-5d_113\" data-at2x=\"\"\/><\/div><\/div> \n\n <div   class=\"ui-column span6\"><div class=\"txt-valpo\"><h3 id=\"custom-title-h3-1\" class=\"ui--animation \" style=\"\">TODAY'S HOME.<\/h3><div class=\"auto-format ui--animation\"><p>Today, Casa Deanco\u0300 features two apartments restored with the greatest care and patience, all attuned to the principles of bioconstructions. <br \/>\nThe house has been designed to maintain its past alive. The restoration work has been carried out with materials found in the nearby area: stone, wood, lime and terracotta.<\/p>\n<\/div><\/div><\/div> \n\n<\/div> \n<\/div><\/div><\/div><\/div><!-- \/.fullwidth-container --><div  class=\"fullwidth-content ui--section clearfix visible-phone \"><div  class=\"ui--section-content\"><div class=\"container\"><div  class=\"ui--animation-in make--fx--fadein-rtl ui--pass clearfix\" data-fx=\"fx--fadein-rtl\" data-delay=\"400\" data-start-delay=\"550\"><div id=\"img-full\"><div class=\"ui--image-wrap clearfix\"><img decoding=\"async\"  id=\"ui--image-2\" class=\"ui--image ui--animation\" src=\"https:\/\/www.casadeanco.it\/wp-content\/uploads\/2016\/11\/casa-deanco\u0300-5d_113.jpg\" alt=\"\" title=\"casa-deanco\u0300-5d_113\" data-at2x=\"\"\/><\/div><\/div><div class=\"txt-valpo\"><h3 id=\"custom-title-h3-2\" class=\"ui--animation \" style=\"text-align: center; \">TODAY'S HOME.<\/h3><div class=\"auto-format ui--animation\"><div style=\"text-align:center; padding-bottom:30px;\">Today, Casa Deanco\u0300 features two apartments restored with the greatest care and patience, all attuned to the principles of bioconstructions. The house has been designed to maintain its past alive. The restoration work has been carried out with materials found in the nearby area: stone, wood, lime and terracotta.\n<\/div>\n<\/div><\/div><\/div><\/div><\/div><\/div><!-- \/.fullwidth-container --><div  id=\"section-7axur\" class=\"fullwidth-content ui--section clearfix hidden-phone  casadeanco-fullwidth section-7axur\"><div  class=\"ui--section-content\"><div class=\"container\"><div class=\"ui-row row\">\n <div   class=\"ui-column span6\"><div class=\"txt-valpo\"><h3 id=\"custom-title-h3-3\" class=\"ui--animation \" style=\"text-align: right; \">FURNISHING, RESTORING AND RECOVERING.<\/h3><div class=\"auto-format ui--animation\"><div style=\"color:#333; text-align:right;\">All the furnishings have been chosen based on a precise idea: draw from the tradition of local artisanal work to breathe new life into disused materials and appliances and thus enhance their stories. Mirrors, lamps, drawers and tables will connect you to a time gone by &#8211; you&#8217;ll also witness how they are reborn in Casa Deanco\u0300, their today&#8217;s home.<\/div>\n<\/div><\/div><\/div> \n\n <div   class=\"ui-column span6\"><div class=\"ui--animation\">\n\t\t\t<!-- START mobili REVOLUTION SLIDER 6.7.30 --><p class=\"rs-p-wp-fix\"><\/p>\n\t\t\t<rs-module-wrap id=\"rev_slider_9_1_wrapper\" data-source=\"gallery\" style=\"visibility:hidden;background:transparent;padding:0;margin:0px auto;margin-top:0;margin-bottom:0;\">\n\t\t\t\t<rs-module id=\"rev_slider_9_1\" style=\"\" data-version=\"6.7.30\">\n\t\t\t\t\t<rs-slides style=\"overflow: hidden; position: absolute;\">\n\t\t\t\t\t\t<rs-slide style=\"position: absolute;\" data-key=\"rs-74\" data-title=\"Slide\" data-thumb=\"\/\/www.casadeanco.it\/wp-content\/uploads\/2016\/11\/casa-deanco\u0300_5-100x50.jpg\" data-anim=\"ms:default,default;r:,0;\" data-in=\"o:1;\" data-out=\"o:1;\" data-alttrans=\"slidehorizontal\">\n\t\t\t\t\t\t\t<img decoding=\"async\" src=\"\/\/www.casadeanco.it\/wp-content\/plugins\/revslider\/sr6\/assets\/assets\/dummy.png\" alt=\"\" title=\"CASA DEANC\u00d2\" class=\"rev-slidebg tp-rs-img rs-lazyload\" data-lazyload=\"\/\/www.casadeanco.it\/wp-content\/uploads\/2016\/11\/casa-deanco\u0300_5.jpg\" data-no-retina>\n<!---->\t\t\t\t\t<\/rs-slide>\n\t\t\t\t\t\t<rs-slide style=\"position: absolute;\" data-key=\"rs-76\" data-title=\"Slide\" data-thumb=\"\/\/www.casadeanco.it\/wp-content\/uploads\/2016\/11\/casa-deanco\u0300_72-100x50.jpg\" data-in=\"x:(100%);\">\n\t\t\t\t\t\t\t<img decoding=\"async\" src=\"\/\/www.casadeanco.it\/wp-content\/plugins\/revslider\/sr6\/assets\/assets\/dummy.png\" alt=\"\" title=\"CASA DEANC\u00d2\" class=\"rev-slidebg tp-rs-img rs-lazyload\" data-lazyload=\"\/\/www.casadeanco.it\/wp-content\/uploads\/2016\/11\/casa-deanco\u0300_72.jpg\" data-no-retina>\n<!---->\t\t\t\t\t<\/rs-slide>\n\t\t\t\t\t\t<rs-slide style=\"position: absolute;\" data-key=\"rs-75\" data-title=\"Slide\" data-thumb=\"\/\/www.casadeanco.it\/wp-content\/uploads\/2016\/11\/casa-deanco\u0300_57-100x50.jpg\" data-in=\"x:(100%);\">\n\t\t\t\t\t\t\t<img decoding=\"async\" src=\"\/\/www.casadeanco.it\/wp-content\/plugins\/revslider\/sr6\/assets\/assets\/dummy.png\" alt=\"\" title=\"CASA DEANC\u00d2\" class=\"rev-slidebg tp-rs-img rs-lazyload\" data-lazyload=\"\/\/www.casadeanco.it\/wp-content\/uploads\/2016\/11\/casa-deanco\u0300_57.jpg\" data-no-retina>\n<!---->\t\t\t\t\t<\/rs-slide>\n\t\t\t\t\t\t<rs-slide style=\"position: absolute;\" data-key=\"rs-78\" data-title=\"Slide\" data-thumb=\"\/\/www.casadeanco.it\/wp-content\/uploads\/2016\/11\/casa-deanco\u0300_65-100x50.jpg\" data-in=\"x:(100%);\">\n\t\t\t\t\t\t\t<img decoding=\"async\" src=\"\/\/www.casadeanco.it\/wp-content\/plugins\/revslider\/sr6\/assets\/assets\/dummy.png\" alt=\"\" title=\"CASA DEANC\u00d2\" class=\"rev-slidebg tp-rs-img rs-lazyload\" data-lazyload=\"\/\/www.casadeanco.it\/wp-content\/uploads\/2016\/11\/casa-deanco\u0300_65.jpg\" data-no-retina>\n<!---->\t\t\t\t\t<\/rs-slide>\n\t\t\t\t\t\t<rs-slide style=\"position: absolute;\" data-key=\"rs-77\" data-title=\"Slide\" data-thumb=\"\/\/www.casadeanco.it\/wp-content\/uploads\/2016\/11\/casa-deanco\u0300_19-100x50.jpg\" data-in=\"x:(100%);\">\n\t\t\t\t\t\t\t<img decoding=\"async\" src=\"\/\/www.casadeanco.it\/wp-content\/plugins\/revslider\/sr6\/assets\/assets\/dummy.png\" alt=\"\" title=\"CASA DEANC\u00d2\" class=\"rev-slidebg tp-rs-img rs-lazyload\" data-lazyload=\"\/\/www.casadeanco.it\/wp-content\/uploads\/2016\/11\/casa-deanco\u0300_19.jpg\" data-no-retina>\n<!---->\t\t\t\t\t<\/rs-slide>\n\t\t\t\t\t<\/rs-slides>\n\t\t\t\t<\/rs-module>\n\t\t\t\t<script>\n\t\t\t\t\tsetREVStartSize({c: 'rev_slider_9_1',rl:[1240,1024,778,480],el:[],gw:[800,1024,778,480],gh:[533,768,960,720],type:'standard',justify:'',layout:'fullwidth',mh:\"0\"});if (window.RS_MODULES!==undefined && window.RS_MODULES.modules!==undefined && window.RS_MODULES.modules[\"revslider91\"]!==undefined) {window.RS_MODULES.modules[\"revslider91\"].once = false;window.revapi9 = undefined;if (window.RS_MODULES.checkMinimal!==undefined) window.RS_MODULES.checkMinimal()}\n\t\t\t\t<\/script>\n\t\t\t<\/rs-module-wrap>\n\t\t\t<!-- END REVOLUTION SLIDER -->\n<\/div><\/div> \n\n<\/div> \n<\/div><\/div><\/div><!-- \/.fullwidth-container --><div  id=\"section-7axur\" class=\"fullwidth-content ui--section clearfix visible-phone  section-7axur\"><div  class=\"ui--section-content\"><div class=\"container\"><div  class=\"ui--space clearfix\" data-responsive=\"{&quot;css&quot;:{&quot;height&quot;:{&quot;phone&quot;:&quot;40px&quot;,&quot;tablet&quot;:null,&quot;widescreen&quot;:null}}}\"><\/div><h3 id=\"custom-title-h3-4\" class=\"ui--animation \" style=\"text-align: center; \">FURNISHING, RESTORING AND RECOVERING.<\/h3><div class=\"auto-format ui--animation\"><div class=\"text-mobile-app\" style=\"color:#333; text-align:center;\">All the furnishings have been chosen based on a precise idea: draw from the tradition of local artisanal work to breathe new life into disused materials and appliances and thus enhance their stories. Mirrors, lamps, drawers and tables will connect you to a time gone by &#8211; you&#8217;ll also witness how they are reborn in Casa Deanco\u0300, their today&#8217;s home.<\/div>\n<\/div><div  class=\"ui--space clearfix\" data-responsive=\"{&quot;css&quot;:{&quot;height&quot;:{&quot;phone&quot;:&quot;40px&quot;,&quot;tablet&quot;:null,&quot;widescreen&quot;:null}}}\"><\/div><div class=\"auto-format ui--animation\"><p>\n\t\t\t<!-- START mobili REVOLUTION SLIDER 6.7.30 --><p class=\"rs-p-wp-fix\"><\/p>\n\t\t\t<rs-module-wrap id=\"rev_slider_9_2_wrapper\" data-source=\"gallery\" style=\"visibility:hidden;background:transparent;padding:0;margin:0px auto;margin-top:0;margin-bottom:0;\">\n\t\t\t\t<rs-module id=\"rev_slider_9_2\" style=\"\" data-version=\"6.7.30\">\n\t\t\t\t\t<rs-slides style=\"overflow: hidden; position: absolute;\">\n\t\t\t\t\t\t<rs-slide style=\"position: absolute;\" data-key=\"rs-74\" data-title=\"Slide\" data-thumb=\"\/\/www.casadeanco.it\/wp-content\/uploads\/2016\/11\/casa-deanco\u0300_5-100x50.jpg\" data-anim=\"ms:default,default;r:,0;\" data-in=\"o:1;\" data-out=\"o:1;\" data-alttrans=\"slidehorizontal\">\n\t\t\t\t\t\t\t<img decoding=\"async\" src=\"\/\/www.casadeanco.it\/wp-content\/plugins\/revslider\/sr6\/assets\/assets\/dummy.png\" alt=\"\" title=\"CASA DEANC\u00d2\" class=\"rev-slidebg tp-rs-img rs-lazyload\" data-lazyload=\"\/\/www.casadeanco.it\/wp-content\/uploads\/2016\/11\/casa-deanco\u0300_5.jpg\" data-no-retina>\n<!---->\t\t\t\t\t<\/rs-slide>\n\t\t\t\t\t\t<rs-slide style=\"position: absolute;\" data-key=\"rs-76\" data-title=\"Slide\" data-thumb=\"\/\/www.casadeanco.it\/wp-content\/uploads\/2016\/11\/casa-deanco\u0300_72-100x50.jpg\" data-in=\"x:(100%);\">\n\t\t\t\t\t\t\t<img decoding=\"async\" src=\"\/\/www.casadeanco.it\/wp-content\/plugins\/revslider\/sr6\/assets\/assets\/dummy.png\" alt=\"\" title=\"CASA DEANC\u00d2\" class=\"rev-slidebg tp-rs-img rs-lazyload\" data-lazyload=\"\/\/www.casadeanco.it\/wp-content\/uploads\/2016\/11\/casa-deanco\u0300_72.jpg\" data-no-retina>\n<!---->\t\t\t\t\t<\/rs-slide>\n\t\t\t\t\t\t<rs-slide style=\"position: absolute;\" data-key=\"rs-75\" data-title=\"Slide\" data-thumb=\"\/\/www.casadeanco.it\/wp-content\/uploads\/2016\/11\/casa-deanco\u0300_57-100x50.jpg\" data-in=\"x:(100%);\">\n\t\t\t\t\t\t\t<img decoding=\"async\" src=\"\/\/www.casadeanco.it\/wp-content\/plugins\/revslider\/sr6\/assets\/assets\/dummy.png\" alt=\"\" title=\"CASA DEANC\u00d2\" class=\"rev-slidebg tp-rs-img rs-lazyload\" data-lazyload=\"\/\/www.casadeanco.it\/wp-content\/uploads\/2016\/11\/casa-deanco\u0300_57.jpg\" data-no-retina>\n<!---->\t\t\t\t\t<\/rs-slide>\n\t\t\t\t\t\t<rs-slide style=\"position: absolute;\" data-key=\"rs-78\" data-title=\"Slide\" data-thumb=\"\/\/www.casadeanco.it\/wp-content\/uploads\/2016\/11\/casa-deanco\u0300_65-100x50.jpg\" data-in=\"x:(100%);\">\n\t\t\t\t\t\t\t<img decoding=\"async\" src=\"\/\/www.casadeanco.it\/wp-content\/plugins\/revslider\/sr6\/assets\/assets\/dummy.png\" alt=\"\" title=\"CASA DEANC\u00d2\" class=\"rev-slidebg tp-rs-img rs-lazyload\" data-lazyload=\"\/\/www.casadeanco.it\/wp-content\/uploads\/2016\/11\/casa-deanco\u0300_65.jpg\" data-no-retina>\n<!---->\t\t\t\t\t<\/rs-slide>\n\t\t\t\t\t\t<rs-slide style=\"position: absolute;\" data-key=\"rs-77\" data-title=\"Slide\" data-thumb=\"\/\/www.casadeanco.it\/wp-content\/uploads\/2016\/11\/casa-deanco\u0300_19-100x50.jpg\" data-in=\"x:(100%);\">\n\t\t\t\t\t\t\t<img decoding=\"async\" src=\"\/\/www.casadeanco.it\/wp-content\/plugins\/revslider\/sr6\/assets\/assets\/dummy.png\" alt=\"\" title=\"CASA DEANC\u00d2\" class=\"rev-slidebg tp-rs-img rs-lazyload\" data-lazyload=\"\/\/www.casadeanco.it\/wp-content\/uploads\/2016\/11\/casa-deanco\u0300_19.jpg\" data-no-retina>\n<!---->\t\t\t\t\t<\/rs-slide>\n\t\t\t\t\t<\/rs-slides>\n\t\t\t\t<\/rs-module>\n\t\t\t\t<script>\n\t\t\t\t\tsetREVStartSize({c: 'rev_slider_9_2',rl:[1240,1024,778,480],el:[],gw:[800,1024,778,480],gh:[533,768,960,720],type:'standard',justify:'',layout:'fullwidth',mh:\"0\"});if (window.RS_MODULES!==undefined && window.RS_MODULES.modules!==undefined && window.RS_MODULES.modules[\"revslider92\"]!==undefined) {window.RS_MODULES.modules[\"revslider92\"].once = false;window.revapi9_2 = undefined;if (window.RS_MODULES.checkMinimal!==undefined) window.RS_MODULES.checkMinimal()}\n\t\t\t\t<\/script>\n\t\t\t<\/rs-module-wrap>\n\t\t\t<!-- END REVOLUTION SLIDER -->\n<\/p>\n<\/div><\/div><\/div><\/div><!-- \/.fullwidth-container --><div  class=\"fullwidth-content ui--section clearfix hidden-phone  casadeanco-fullwidth\"><div  class=\"ui--section-content\"><div class=\"container\"><div  class=\"ui--animation-in make--fx--fadein-rtl ui--pass clearfix\" data-fx=\"fx--fadein-rtl\" data-delay=\"400\" data-start-delay=\"550\"><div class=\"ui-row row\">\n <div   class=\"ui-column span6\"><div  id=\"video-background-1\" class=\"ui--video-background-wrapper fullwidth-content clearfix\"><div class=\"ui--video-background-holder\"><div  class=\"ui--video-background-video hidden-phone \"><video autoplay=\"autoplay\" loop=\"loop\" muted=\"muted\" width=\"540\" height=\"280\"><source src=\"https:\/\/www.casadeanco.it\/wp-content\/uploads\/video\/famiglia-low-ok.m4v\" type=\"video\/mp4\" \/><\/video><\/div><div  class=\"ui--video-background\"><div class=\"ui--gradient\"><\/div><\/div><\/div><div  class=\"ui--section-content container clearfix\" style=\"padding-top: 500px;\"><\/div><\/div><\/div> \n\n <div   class=\"ui-column span6\"><div class=\"txt-valpo\"><h3 id=\"custom-title-h3-5\" class=\"ui--animation \" style=\"\">HEY, NICE TO MEET YOU!<\/h3><div class=\"auto-format ui--animation\"><p>We&#8217;re Mari, Fabio, Nico, Enea and Ada. There are also Kika, Otto, our chickens and our beautiful garden. We&#8217;re a family that enjoys hosting, but also being a guest. We&#8217;ll be your neighbours here at Casa Deanco\u0300.<\/p>\n<p>We&#8217;re travellers, and over the years we listened to many stories and crossed many thresholds. Now we want to open our doors to you.<\/p>\n<\/div><\/div><\/div> \n\n<\/div> \n<\/div><\/div><\/div><\/div><!-- \/.fullwidth-container --><div  class=\"fullwidth-content ui--section clearfix visible-phone \"><div  class=\"ui--section-content\"><div class=\"container\"><div  class=\"ui--animation-in make--fx--fadein-rtl ui--pass clearfix\" data-fx=\"fx--fadein-rtl\" data-delay=\"400\" data-start-delay=\"550\"><div class=\"txt-valpo\"><h3 id=\"custom-title-h3-6\" class=\"ui--animation \" style=\"\">EHI, PIACERE!<\/h3><div class=\"auto-format ui--animation\"><div style=\"text-align:center;\">Siamo Mari, Fabio, Nico, Enea e Ada. Con noi ci sono Kika, Otto, le galline e l\u2019orto. Siamo una famiglia a cui piace ospitare ed essere ospitata. Saremo i vostri vicini, qui a Casa Deanc\u00f2.<\/p>\n<p>Siamo viaggiatori, negli anni abbiamo ascoltato tante storie e attraversato un sacco di porte. Adesso, vogliamo aprire le nostre.<\/p><\/div>\n<\/div><div  class=\"ui--space clearfix\" data-responsive=\"{&quot;css&quot;:{&quot;height&quot;:{&quot;phone&quot;:&quot;30px&quot;,&quot;tablet&quot;:null,&quot;widescreen&quot;:null}}}\"><\/div><\/div><\/div><div class=\"ui--image-wrap clearfix\"><img decoding=\"async\"  id=\"ui--image-3\" class=\"ui--image ui--animation\" src=\"https:\/\/www.casadeanco.it\/wp-content\/uploads\/2016\/11\/family.jpg\" alt=\"\" title=\"\" data-at2x=\"\"\/><\/div><\/div><\/div><\/div><!-- \/.fullwidth-container -->","protected":false},"excerpt":{"rendered":"<p>YESTERDAY&#8217;S HOME. Casa Deanco\u0300 is located at the center of the Antica Corte Bisanelli, a landmark in Rivoli Veronese&#8217;s past. It used to be a country house, something quite common in the Verona province. It has been paying homage to the life and work of the farmers that have inhabited it since the 18th century. [&hellip;]<\/p>\n","protected":false},"author":1,"featured_media":0,"parent":0,"menu_order":0,"comment_status":"closed","ping_status":"closed","template":"","meta":{"footnotes":""},"class_list":["post-1070","page","type-page","status-publish","hentry"],"yoast_head":"<!-- This site is optimized with the Yoast SEO plugin v26.2 - https:\/\/yoast.com\/wordpress\/plugins\/seo\/ -->\n<title>La casa | Casa Deanc\u00f2 | Appartamenti turistici a Rivoli Veronese<\/title>\n<meta name=\"description\" content=\"Casa Deanc\u00f2: due appartamenti turistici in affitto a Rivoli Veronese. A met\u00e0 strada tra Verona, il lago di Garda e il monte Baldo.\" \/>\n<meta name=\"robots\" content=\"index, follow, max-snippet:-1, max-image-preview:large, max-video-preview:-1\" \/>\n<link rel=\"canonical\" href=\"https:\/\/www.casadeanco.it\/en\/casa-deanco\/\" \/>\n<meta property=\"og:locale\" content=\"en_US\" \/>\n<meta property=\"og:type\" content=\"article\" \/>\n<meta property=\"og:title\" content=\"La casa | Casa Deanc\u00f2 | Appartamenti turistici a Rivoli Veronese\" \/>\n<meta property=\"og:description\" content=\"Casa Deanc\u00f2: due appartamenti turistici in affitto a Rivoli Veronese. A met\u00e0 strada tra Verona, il lago di Garda e il monte Baldo.\" \/>\n<meta property=\"og:url\" content=\"https:\/\/www.casadeanco.it\/en\/casa-deanco\/\" \/>\n<meta property=\"og:site_name\" content=\"Casa Deanc\u00f2\" \/>\n<meta property=\"article:modified_time\" content=\"2017-05-11T14:49:14+00:00\" \/>\n<meta name=\"twitter:card\" content=\"summary_large_image\" \/>\n<script type=\"application\/ld+json\" class=\"yoast-schema-graph\">{\"@context\":\"https:\/\/schema.org\",\"@graph\":[{\"@type\":\"WebPage\",\"@id\":\"https:\/\/www.casadeanco.it\/en\/casa-deanco\/\",\"url\":\"https:\/\/www.casadeanco.it\/en\/casa-deanco\/\",\"name\":\"La casa | Casa Deanc\u00f2 | Appartamenti turistici a Rivoli Veronese\",\"isPartOf\":{\"@id\":\"https:\/\/www.casadeanco.it\/#website\"},\"datePublished\":\"2016-11-11T11:06:37+00:00\",\"dateModified\":\"2017-05-11T14:49:14+00:00\",\"description\":\"Casa Deanc\u00f2: due appartamenti turistici in affitto a Rivoli Veronese. A met\u00e0 strada tra Verona, il lago di Garda e il monte Baldo.\",\"breadcrumb\":{\"@id\":\"https:\/\/www.casadeanco.it\/en\/casa-deanco\/#breadcrumb\"},\"inLanguage\":\"en-US\",\"potentialAction\":[{\"@type\":\"ReadAction\",\"target\":[\"https:\/\/www.casadeanco.it\/en\/casa-deanco\/\"]}]},{\"@type\":\"BreadcrumbList\",\"@id\":\"https:\/\/www.casadeanco.it\/en\/casa-deanco\/#breadcrumb\",\"itemListElement\":[{\"@type\":\"ListItem\",\"position\":1,\"name\":\"Home\",\"item\":\"https:\/\/www.casadeanco.it\/en\/\"},{\"@type\":\"ListItem\",\"position\":2,\"name\":\"CASA DEANC\u00d2\"}]},{\"@type\":\"WebSite\",\"@id\":\"https:\/\/www.casadeanco.it\/#website\",\"url\":\"https:\/\/www.casadeanco.it\/\",\"name\":\"Casa Deanc\u00f2\",\"description\":\"Appartamenti turistici a Rivoli Veronese\",\"potentialAction\":[{\"@type\":\"SearchAction\",\"target\":{\"@type\":\"EntryPoint\",\"urlTemplate\":\"https:\/\/www.casadeanco.it\/?s={search_term_string}\"},\"query-input\":{\"@type\":\"PropertyValueSpecification\",\"valueRequired\":true,\"valueName\":\"search_term_string\"}}],\"inLanguage\":\"en-US\"}]}<\/script>\n<!-- \/ Yoast SEO plugin. -->","yoast_head_json":{"title":"La casa | Casa Deanc\u00f2 | Appartamenti turistici a Rivoli Veronese","description":"Casa Deanc\u00f2: due appartamenti turistici in affitto a Rivoli Veronese. A met\u00e0 strada tra Verona, il lago di Garda e il monte Baldo.","robots":{"index":"index","follow":"follow","max-snippet":"max-snippet:-1","max-image-preview":"max-image-preview:large","max-video-preview":"max-video-preview:-1"},"canonical":"https:\/\/www.casadeanco.it\/en\/casa-deanco\/","og_locale":"en_US","og_type":"article","og_title":"La casa | Casa Deanc\u00f2 | Appartamenti turistici a Rivoli Veronese","og_description":"Casa Deanc\u00f2: due appartamenti turistici in affitto a Rivoli Veronese. A met\u00e0 strada tra Verona, il lago di Garda e il monte Baldo.","og_url":"https:\/\/www.casadeanco.it\/en\/casa-deanco\/","og_site_name":"Casa Deanc\u00f2","article_modified_time":"2017-05-11T14:49:14+00:00","twitter_card":"summary_large_image","schema":{"@context":"https:\/\/schema.org","@graph":[{"@type":"WebPage","@id":"https:\/\/www.casadeanco.it\/en\/casa-deanco\/","url":"https:\/\/www.casadeanco.it\/en\/casa-deanco\/","name":"La casa | Casa Deanc\u00f2 | Appartamenti turistici a Rivoli Veronese","isPartOf":{"@id":"https:\/\/www.casadeanco.it\/#website"},"datePublished":"2016-11-11T11:06:37+00:00","dateModified":"2017-05-11T14:49:14+00:00","description":"Casa Deanc\u00f2: due appartamenti turistici in affitto a Rivoli Veronese. A met\u00e0 strada tra Verona, il lago di Garda e il monte Baldo.","breadcrumb":{"@id":"https:\/\/www.casadeanco.it\/en\/casa-deanco\/#breadcrumb"},"inLanguage":"en-US","potentialAction":[{"@type":"ReadAction","target":["https:\/\/www.casadeanco.it\/en\/casa-deanco\/"]}]},{"@type":"BreadcrumbList","@id":"https:\/\/www.casadeanco.it\/en\/casa-deanco\/#breadcrumb","itemListElement":[{"@type":"ListItem","position":1,"name":"Home","item":"https:\/\/www.casadeanco.it\/en\/"},{"@type":"ListItem","position":2,"name":"CASA DEANC\u00d2"}]},{"@type":"WebSite","@id":"https:\/\/www.casadeanco.it\/#website","url":"https:\/\/www.casadeanco.it\/","name":"Casa Deanc\u00f2","description":"Appartamenti turistici a Rivoli Veronese","potentialAction":[{"@type":"SearchAction","target":{"@type":"EntryPoint","urlTemplate":"https:\/\/www.casadeanco.it\/?s={search_term_string}"},"query-input":{"@type":"PropertyValueSpecification","valueRequired":true,"valueName":"search_term_string"}}],"inLanguage":"en-US"}]}},"_links":{"self":[{"href":"https:\/\/www.casadeanco.it\/en\/wp-json\/wp\/v2\/pages\/1070","targetHints":{"allow":["GET"]}}],"collection":[{"href":"https:\/\/www.casadeanco.it\/en\/wp-json\/wp\/v2\/pages"}],"about":[{"href":"https:\/\/www.casadeanco.it\/en\/wp-json\/wp\/v2\/types\/page"}],"author":[{"embeddable":true,"href":"https:\/\/www.casadeanco.it\/en\/wp-json\/wp\/v2\/users\/1"}],"replies":[{"embeddable":true,"href":"https:\/\/www.casadeanco.it\/en\/wp-json\/wp\/v2\/comments?post=1070"}],"version-history":[{"count":1,"href":"https:\/\/www.casadeanco.it\/en\/wp-json\/wp\/v2\/pages\/1070\/revisions"}],"predecessor-version":[{"id":1071,"href":"https:\/\/www.casadeanco.it\/en\/wp-json\/wp\/v2\/pages\/1070\/revisions\/1071"}],"wp:attachment":[{"href":"https:\/\/www.casadeanco.it\/en\/wp-json\/wp\/v2\/media?parent=1070"}],"curies":[{"name":"wp","href":"https:\/\/api.w.org\/{rel}","templated":true}]}}